{"id":935,"date":"2023-09-23T05:02:49","date_gmt":"2023-09-23T10:02:49","guid":{"rendered":"http:\/\/dyd.suboceto.com\/?post_type=product&#038;p=935"},"modified":"2026-01-27T00:57:39","modified_gmt":"2026-01-27T05:57:39","slug":"cafe-variedad-caturra-250g","status":"publish","type":"product","link":"https:\/\/dydcoffee.com.co\/index.php\/producto\/cafe-variedad-caturra-250g\/","title":{"rendered":"CAF\u00c9 VARIEDAD CATURRA 250g"},"content":{"rendered":"","protected":false},"excerpt":{"rendered":"<p>&nbsp;<\/p>\n<p>Descripci\u00f3n: Caf\u00e9 con un proceso lavado, con fermentaci\u00f3n prolongada del cual se obtiene un producto de excelente calidad con un perfil a te de rosas, arom\u00e1tica de frutos amarillos, una acidez jugosa\/tart\u00e1rica y un cuerpo sedoso\/cremoso.<\/p>\n<p>&nbsp;<\/p>\n<p><img fetchpriority=\"high\" decoding=\"async\" class=\"alignnone wp-image-915 size-full\" src=\"http:\/\/dyd.suboceto.com\/wp-content\/uploads\/2023\/09\/Variedad_Caturra.png\" alt=\"\" width=\"2501\" height=\"1417\" srcset=\"https:\/\/dydcoffee.com.co\/wp-content\/uploads\/2023\/09\/Variedad_Caturra.png 2501w, https:\/\/dydcoffee.com.co\/wp-content\/uploads\/2023\/09\/Variedad_Caturra-300x170.png 300w, https:\/\/dydcoffee.com.co\/wp-content\/uploads\/2023\/09\/Variedad_Caturra-1024x580.png 1024w, https:\/\/dydcoffee.com.co\/wp-content\/uploads\/2023\/09\/Variedad_Caturra-768x435.png 768w, https:\/\/dydcoffee.com.co\/wp-content\/uploads\/2023\/09\/Variedad_Caturra-1536x870.png 1536w, https:\/\/dydcoffee.com.co\/wp-content\/uploads\/2023\/09\/Variedad_Caturra-2048x1160.png 2048w, https:\/\/dydcoffee.com.co\/wp-content\/uploads\/2023\/09\/Variedad_Caturra-700x397.png 700w, https:\/\/dydcoffee.com.co\/wp-content\/uploads\/2023\/09\/Variedad_Caturra-600x340.png 600w\" sizes=\"(max-width: 2501px) 100vw, 2501px\" \/><\/p>\n","protected":false},"featured_media":1782,"comment_status":"closed","ping_status":"closed","template":"","meta":[],"product_brand":[],"product_cat":[25],"product_tag":[],"class_list":{"0":"post-935","1":"product","2":"type-product","3":"status-publish","4":"has-post-thumbnail","6":"product_cat-bolsa-250g","8":"first","9":"instock","10":"shipping-taxable","11":"purchasable","12":"product-type-variable"},"_links":{"self":[{"href":"https:\/\/dydcoffee.com.co\/index.php\/wp-json\/wp\/v2\/product\/935","targetHints":{"allow":["GET"]}}],"collection":[{"href":"https:\/\/dydcoffee.com.co\/index.php\/wp-json\/wp\/v2\/product"}],"about":[{"href":"https:\/\/dydcoffee.com.co\/index.php\/wp-json\/wp\/v2\/types\/product"}],"replies":[{"embeddable":true,"href":"https:\/\/dydcoffee.com.co\/index.php\/wp-json\/wp\/v2\/comments?post=935"}],"version-history":[{"count":1,"href":"https:\/\/dydcoffee.com.co\/index.php\/wp-json\/wp\/v2\/product\/935\/revisions"}],"predecessor-version":[{"id":1734,"href":"https:\/\/dydcoffee.com.co\/index.php\/wp-json\/wp\/v2\/product\/935\/revisions\/1734"}],"wp:featuredmedia":[{"embeddable":true,"href":"https:\/\/dydcoffee.com.co\/index.php\/wp-json\/wp\/v2\/media\/1782"}],"wp:attachment":[{"href":"https:\/\/dydcoffee.com.co\/index.php\/wp-json\/wp\/v2\/media?parent=935"}],"wp:term":[{"taxonomy":"product_brand","embeddable":true,"href":"https:\/\/dydcoffee.com.co\/index.php\/wp-json\/wp\/v2\/product_brand?post=935"},{"taxonomy":"product_cat","embeddable":true,"href":"https:\/\/dydcoffee.com.co\/index.php\/wp-json\/wp\/v2\/product_cat?post=935"},{"taxonomy":"product_tag","embeddable":true,"href":"https:\/\/dydcoffee.com.co\/index.php\/wp-json\/wp\/v2\/product_tag?post=935"}],"curies":[{"name":"wp","href":"https:\/\/api.w.org\/{rel}","templated":true}]}}