{"id":910,"date":"2023-09-23T04:16:40","date_gmt":"2023-09-23T09:16:40","guid":{"rendered":"http:\/\/dyd.suboceto.com\/?post_type=product&#038;p=910"},"modified":"2026-01-27T02:19:17","modified_gmt":"2026-01-27T07:19:17","slug":"cafe-variedad-castillo-500g","status":"publish","type":"product","link":"https:\/\/dydcoffee.com.co\/index.php\/producto\/cafe-variedad-castillo-500g\/","title":{"rendered":"CAF\u00c9 VARIEDAD CASTILLO 500G"},"content":{"rendered":"","protected":false},"excerpt":{"rendered":"<p>&nbsp;<\/p>\n<p>Descripci\u00f3n: Caf\u00e9 con un proceso lavado, con fermentaci\u00f3n prolongada del cual se obtiene un producto de excelente calidad con un perfil a flor de caf\u00e9, durazno, una acidez jugosa y un cuerpo cremoso.<\/p>\n<p>&nbsp;<\/p>\n<p><img fetchpriority=\"high\" decoding=\"async\" class=\"alignnone wp-image-911 size-full\" src=\"http:\/\/dyd.suboceto.com\/wp-content\/uploads\/2023\/09\/Variedad_Castillo.png\" alt=\"\" width=\"2501\" height=\"1417\" srcset=\"https:\/\/dydcoffee.com.co\/wp-content\/uploads\/2023\/09\/Variedad_Castillo.png 2501w, https:\/\/dydcoffee.com.co\/wp-content\/uploads\/2023\/09\/Variedad_Castillo-300x170.png 300w, https:\/\/dydcoffee.com.co\/wp-content\/uploads\/2023\/09\/Variedad_Castillo-1024x580.png 1024w, https:\/\/dydcoffee.com.co\/wp-content\/uploads\/2023\/09\/Variedad_Castillo-768x435.png 768w, https:\/\/dydcoffee.com.co\/wp-content\/uploads\/2023\/09\/Variedad_Castillo-1536x870.png 1536w, https:\/\/dydcoffee.com.co\/wp-content\/uploads\/2023\/09\/Variedad_Castillo-2048x1160.png 2048w, https:\/\/dydcoffee.com.co\/wp-content\/uploads\/2023\/09\/Variedad_Castillo-700x397.png 700w, https:\/\/dydcoffee.com.co\/wp-content\/uploads\/2023\/09\/Variedad_Castillo-600x340.png 600w\" sizes=\"(max-width: 2501px) 100vw, 2501px\" \/><\/p>\n","protected":false},"featured_media":1793,"comment_status":"closed","ping_status":"closed","template":"","meta":[],"product_brand":[],"product_cat":[24],"product_tag":[],"class_list":{"0":"post-910","1":"product","2":"type-product","3":"status-publish","4":"has-post-thumbnail","6":"product_cat-bolsa-500g","8":"first","9":"instock","10":"featured","11":"shipping-taxable","12":"purchasable","13":"product-type-variable"},"_links":{"self":[{"href":"https:\/\/dydcoffee.com.co\/index.php\/wp-json\/wp\/v2\/product\/910","targetHints":{"allow":["GET"]}}],"collection":[{"href":"https:\/\/dydcoffee.com.co\/index.php\/wp-json\/wp\/v2\/product"}],"about":[{"href":"https:\/\/dydcoffee.com.co\/index.php\/wp-json\/wp\/v2\/types\/product"}],"replies":[{"embeddable":true,"href":"https:\/\/dydcoffee.com.co\/index.php\/wp-json\/wp\/v2\/comments?post=910"}],"version-history":[{"count":1,"href":"https:\/\/dydcoffee.com.co\/index.php\/wp-json\/wp\/v2\/product\/910\/revisions"}],"predecessor-version":[{"id":1740,"href":"https:\/\/dydcoffee.com.co\/index.php\/wp-json\/wp\/v2\/product\/910\/revisions\/1740"}],"wp:featuredmedia":[{"embeddable":true,"href":"https:\/\/dydcoffee.com.co\/index.php\/wp-json\/wp\/v2\/media\/1793"}],"wp:attachment":[{"href":"https:\/\/dydcoffee.com.co\/index.php\/wp-json\/wp\/v2\/media?parent=910"}],"wp:term":[{"taxonomy":"product_brand","embeddable":true,"href":"https:\/\/dydcoffee.com.co\/index.php\/wp-json\/wp\/v2\/product_brand?post=910"},{"taxonomy":"product_cat","embeddable":true,"href":"https:\/\/dydcoffee.com.co\/index.php\/wp-json\/wp\/v2\/product_cat?post=910"},{"taxonomy":"product_tag","embeddable":true,"href":"https:\/\/dydcoffee.com.co\/index.php\/wp-json\/wp\/v2\/product_tag?post=910"}],"curies":[{"name":"wp","href":"https:\/\/api.w.org\/{rel}","templated":true}]}}