{"id":891,"date":"2023-09-22T23:57:47","date_gmt":"2023-09-23T04:57:47","guid":{"rendered":"http:\/\/dyd.suboceto.com\/?post_type=product&#038;p=891"},"modified":"2026-01-27T01:14:35","modified_gmt":"2026-01-27T06:14:35","slug":"cafe-variedad-geisha","status":"publish","type":"product","link":"https:\/\/dydcoffee.com.co\/index.php\/producto\/cafe-variedad-geisha\/","title":{"rendered":"CAF\u00c9 VARIEDAD GEISHA &#8211; 500g"},"content":{"rendered":"","protected":false},"excerpt":{"rendered":"<p>&nbsp;<\/p>\n<p>Descripci\u00f3n: Caf\u00e9 con un proceso lavado, con fermentaci\u00f3n prolongada del cual se obtiene un producto de excelente calidad con un perfil a limoncillo, te de rosas, una acidez brillante y un cuerpo sedoso.<\/p>\n<p>&nbsp;<\/p>\n<p><img fetchpriority=\"high\" decoding=\"async\" class=\"alignnone wp-image-893 size-full\" src=\"http:\/\/dyd.suboceto.com\/wp-content\/uploads\/2023\/09\/Variedad_Geisha.png\" alt=\"\" width=\"2500\" height=\"1417\" srcset=\"https:\/\/dydcoffee.com.co\/wp-content\/uploads\/2023\/09\/Variedad_Geisha.png 2500w, https:\/\/dydcoffee.com.co\/wp-content\/uploads\/2023\/09\/Variedad_Geisha-300x170.png 300w, https:\/\/dydcoffee.com.co\/wp-content\/uploads\/2023\/09\/Variedad_Geisha-1024x580.png 1024w, https:\/\/dydcoffee.com.co\/wp-content\/uploads\/2023\/09\/Variedad_Geisha-768x435.png 768w, https:\/\/dydcoffee.com.co\/wp-content\/uploads\/2023\/09\/Variedad_Geisha-1536x871.png 1536w, https:\/\/dydcoffee.com.co\/wp-content\/uploads\/2023\/09\/Variedad_Geisha-2048x1161.png 2048w, https:\/\/dydcoffee.com.co\/wp-content\/uploads\/2023\/09\/Variedad_Geisha-700x397.png 700w, https:\/\/dydcoffee.com.co\/wp-content\/uploads\/2023\/09\/Variedad_Geisha-600x340.png 600w\" sizes=\"(max-width: 2500px) 100vw, 2500px\" \/><\/p>\n","protected":false},"featured_media":1783,"comment_status":"closed","ping_status":"closed","template":"","meta":[],"product_brand":[],"product_cat":[24],"product_tag":[],"class_list":{"0":"post-891","1":"product","2":"type-product","3":"status-publish","4":"has-post-thumbnail","6":"product_cat-bolsa-500g","8":"first","9":"instock","10":"shipping-taxable","11":"purchasable","12":"product-type-variable"},"_links":{"self":[{"href":"https:\/\/dydcoffee.com.co\/index.php\/wp-json\/wp\/v2\/product\/891","targetHints":{"allow":["GET"]}}],"collection":[{"href":"https:\/\/dydcoffee.com.co\/index.php\/wp-json\/wp\/v2\/product"}],"about":[{"href":"https:\/\/dydcoffee.com.co\/index.php\/wp-json\/wp\/v2\/types\/product"}],"replies":[{"embeddable":true,"href":"https:\/\/dydcoffee.com.co\/index.php\/wp-json\/wp\/v2\/comments?post=891"}],"version-history":[{"count":1,"href":"https:\/\/dydcoffee.com.co\/index.php\/wp-json\/wp\/v2\/product\/891\/revisions"}],"predecessor-version":[{"id":1771,"href":"https:\/\/dydcoffee.com.co\/index.php\/wp-json\/wp\/v2\/product\/891\/revisions\/1771"}],"wp:featuredmedia":[{"embeddable":true,"href":"https:\/\/dydcoffee.com.co\/index.php\/wp-json\/wp\/v2\/media\/1783"}],"wp:attachment":[{"href":"https:\/\/dydcoffee.com.co\/index.php\/wp-json\/wp\/v2\/media?parent=891"}],"wp:term":[{"taxonomy":"product_brand","embeddable":true,"href":"https:\/\/dydcoffee.com.co\/index.php\/wp-json\/wp\/v2\/product_brand?post=891"},{"taxonomy":"product_cat","embeddable":true,"href":"https:\/\/dydcoffee.com.co\/index.php\/wp-json\/wp\/v2\/product_cat?post=891"},{"taxonomy":"product_tag","embeddable":true,"href":"https:\/\/dydcoffee.com.co\/index.php\/wp-json\/wp\/v2\/product_tag?post=891"}],"curies":[{"name":"wp","href":"https:\/\/api.w.org\/{rel}","templated":true}]}}