{"id":821,"date":"2023-06-03T12:16:24","date_gmt":"2023-06-03T17:16:24","guid":{"rendered":"https:\/\/tintico.goodwaysolutions.com\/?page_id=821"},"modified":"2024-10-21T08:08:35","modified_gmt":"2024-10-21T13:08:35","slug":"nosotros","status":"publish","type":"page","link":"https:\/\/dydcoffee.com.co\/index.php\/nosotros\/","title":{"rendered":"Nosotros"},"content":{"rendered":"\t\t<div data-elementor-type=\"wp-page\" data-elementor-id=\"821\" class=\"elementor elementor-821\">\n\t\t\t\t\t\t<section class=\"elementor-section elementor-top-section elementor-element elementor-element-7720d5d elementor-section-full_width elementor-section-height-default elementor-section-height-default parallax_section_no qode_elementor_container_no\" data-id=\"7720d5d\" data-element_type=\"section\">\n\t\t\t\t\t\t<div class=\"elementor-container elementor-column-gap-default\">\n\t\t\t\t\t<div class=\"elementor-column elementor-col-50 elementor-top-column elementor-element elementor-element-8cd705d elementor-hidden-tablet elementor-hidden-mobile\" data-id=\"8cd705d\" data-element_type=\"column\">\n\t\t\t<div class=\"elementor-widget-wrap elementor-element-populated\">\n\t\t\t\t\t\t<div class=\"elementor-element elementor-element-9ed8854 elementor-invisible elementor-widget elementor-widget-image\" data-id=\"9ed8854\" data-element_type=\"widget\" data-settings=\"{&quot;_animation&quot;:&quot;fadeInLeft&quot;}\" data-widget_type=\"image.default\">\n\t\t\t\t<div class=\"elementor-widget-container\">\n\t\t\t\t\t\t\t\t\t\t\t\t\t\t\t<img fetchpriority=\"high\" decoding=\"async\" width=\"1222\" height=\"974\" src=\"https:\/\/dydcoffee.com.co\/wp-content\/uploads\/2023\/09\/Nosotros1A.jpg\" class=\"attachment-full size-full wp-image-1154\" alt=\"\" srcset=\"https:\/\/dydcoffee.com.co\/wp-content\/uploads\/2023\/09\/Nosotros1A.jpg 1222w, https:\/\/dydcoffee.com.co\/wp-content\/uploads\/2023\/09\/Nosotros1A-300x239.jpg 300w, https:\/\/dydcoffee.com.co\/wp-content\/uploads\/2023\/09\/Nosotros1A-1024x816.jpg 1024w, https:\/\/dydcoffee.com.co\/wp-content\/uploads\/2023\/09\/Nosotros1A-768x612.jpg 768w, https:\/\/dydcoffee.com.co\/wp-content\/uploads\/2023\/09\/Nosotros1A-700x558.jpg 700w, https:\/\/dydcoffee.com.co\/wp-content\/uploads\/2023\/09\/Nosotros1A-600x478.jpg 600w\" sizes=\"(max-width: 1222px) 100vw, 1222px\" \/>\t\t\t\t\t\t\t\t\t\t\t\t\t\t\t<\/div>\n\t\t\t\t<\/div>\n\t\t\t\t\t<\/div>\n\t\t<\/div>\n\t\t\t\t<div class=\"elementor-column elementor-col-50 elementor-top-column elementor-element elementor-element-6547501 elementor-hidden-tablet elementor-hidden-mobile elementor-invisible\" data-id=\"6547501\" data-element_type=\"column\" data-settings=\"{&quot;animation&quot;:&quot;fadeInRight&quot;}\">\n\t\t\t<div class=\"elementor-widget-wrap elementor-element-populated\">\n\t\t\t\t\t\t<div class=\"elementor-element elementor-element-51cc838 elementor-widget elementor-widget-heading\" data-id=\"51cc838\" data-element_type=\"widget\" data-widget_type=\"heading.default\">\n\t\t\t\t<div class=\"elementor-widget-container\">\n\t\t\t\t\t<h5 class=\"elementor-heading-title elementor-size-default\">Empresa<\/h5>\t\t\t\t<\/div>\n\t\t\t\t<\/div>\n\t\t\t\t<div class=\"elementor-element elementor-element-8f0d117 elementor-widget elementor-widget-heading\" data-id=\"8f0d117\" data-element_type=\"widget\" data-widget_type=\"heading.default\">\n\t\t\t\t<div class=\"elementor-widget-container\">\n\t\t\t\t\t<h4 class=\"elementor-heading-title elementor-size-default\">Quienes somos<\/h4>\t\t\t\t<\/div>\n\t\t\t\t<\/div>\n\t\t\t\t<div class=\"elementor-element elementor-element-55e0ece elementor-widget elementor-widget-text-editor\" data-id=\"55e0ece\" data-element_type=\"widget\" data-widget_type=\"text-editor.default\">\n\t\t\t\t<div class=\"elementor-widget-container\">\n\t\t\t\t\t\t\t\t\t<p>\u00a0Enclavado en la cordillera central en tierras f\u00e9rtiles y naturaleza viva se encuentra la vereda San pedo Alto, Municipio de Palermo donde se produce caf\u00e9, una taza de excelente calidad. All\u00ed, a m\u00e1s de dos mil metros de altura, se encuentra la finca Vila Diana, con cerca de 20 hect\u00e1reas de cultivo de caf\u00e9 en los que se garantiza la trazabilidad del producto. Cultivamos variedades ex\u00f3ticas para los clientes m\u00e1s exigentes en el mundo, como la variedad Colombia, Caturra, Castilla, Geisha y Borb\u00f3n Rosado, caracterizados por su sabor tradicional y suave aroma. Nuestra planta torrefactora DYD COFFEE, empresa l\u00edder del sector cafetero que utiliza equipos de \u00faltima tecnolog\u00eda, con energ\u00edas limpiar, procesos certificados y resultados inmediatos. En DYD COFFEE, realizamos el proceso de trilla, selecci\u00f3n, molienda y empacado de caf\u00e9, lo cual genera un producto de calidad. Le apostamos al cuidado ambiental a trav\u00e9s del uso de energ\u00edas renovables para el funcionamiento de nuestra maquinaria tanto en la finca como en la torrefactora.<\/p>\t\t\t\t\t\t\t\t<\/div>\n\t\t\t\t<\/div>\n\t\t\t\t\t<\/div>\n\t\t<\/div>\n\t\t\t\t\t<\/div>\n\t\t<\/section>\n\t\t\t\t<section style=\"background-image: url(http:\/\/dyd.suboceto.com\/wp-content\/uploads\/2023\/09\/banner-paralax-nosotros.jpg);\" class=\"parallax_section_holder elementor-section elementor-top-section elementor-element elementor-element-a544e28 elementor-section-full_width parallax_section_holder elementor-hidden-tablet elementor-hidden-mobile elementor-section-height-default elementor-section-height-default qode_elementor_container_no\" data-speed=\"0\" data-id=\"a544e28\" data-element_type=\"section\" data-settings=\"{&quot;qode_parallax_image&quot;:{&quot;url&quot;:&quot;http:\\\/\\\/dyd.suboceto.com\\\/wp-content\\\/uploads\\\/2023\\\/09\\\/banner-paralax-nosotros.jpg&quot;,&quot;id&quot;:1165,&quot;size&quot;:&quot;&quot;,&quot;alt&quot;:&quot;&quot;,&quot;source&quot;:&quot;library&quot;}}\">\n\t\t\t\t\t\t<div class=\"elementor-container elementor-column-gap-default\">\n\t\t\t\t\t<div class=\"elementor-column elementor-col-100 elementor-top-column elementor-element elementor-element-328a1c8\" data-id=\"328a1c8\" data-element_type=\"column\">\n\t\t\t<div class=\"elementor-widget-wrap elementor-element-populated\">\n\t\t\t\t\t\t<div class=\"elementor-element elementor-element-d73f89d elementor-widget elementor-widget-spacer\" data-id=\"d73f89d\" data-element_type=\"widget\" data-widget_type=\"spacer.default\">\n\t\t\t\t<div class=\"elementor-widget-container\">\n\t\t\t\t\t\t\t<div class=\"elementor-spacer\">\n\t\t\t<div class=\"elementor-spacer-inner\"><\/div>\n\t\t<\/div>\n\t\t\t\t\t\t<\/div>\n\t\t\t\t<\/div>\n\t\t\t\t\t<\/div>\n\t\t<\/div>\n\t\t\t\t\t<\/div>\n\t\t<\/section>\n\t\t\t\t<section class=\"elementor-section elementor-top-section elementor-element elementor-element-5f6e651 elementor-section-boxed elementor-section-height-default elementor-section-height-default parallax_section_no qode_elementor_container_no\" data-id=\"5f6e651\" data-element_type=\"section\">\n\t\t\t\t\t\t<div class=\"elementor-container elementor-column-gap-default\">\n\t\t\t\t\t<div class=\"elementor-column elementor-col-25 elementor-top-column elementor-element elementor-element-fa7c30c elementor-hidden-desktop elementor-hidden-tablet\" data-id=\"fa7c30c\" data-element_type=\"column\">\n\t\t\t<div class=\"elementor-widget-wrap elementor-element-populated\">\n\t\t\t\t\t\t<div class=\"elementor-element elementor-element-74e8b7a elementor-widget elementor-widget-heading\" data-id=\"74e8b7a\" data-element_type=\"widget\" data-widget_type=\"heading.default\">\n\t\t\t\t<div class=\"elementor-widget-container\">\n\t\t\t\t\t<h5 class=\"elementor-heading-title elementor-size-default\">Empresa<\/h5>\t\t\t\t<\/div>\n\t\t\t\t<\/div>\n\t\t\t\t<div class=\"elementor-element elementor-element-18426b2 elementor-widget elementor-widget-heading\" data-id=\"18426b2\" data-element_type=\"widget\" data-widget_type=\"heading.default\">\n\t\t\t\t<div class=\"elementor-widget-container\">\n\t\t\t\t\t<h4 class=\"elementor-heading-title elementor-size-default\">Quienes Somos<\/h4>\t\t\t\t<\/div>\n\t\t\t\t<\/div>\n\t\t\t\t<div class=\"elementor-element elementor-element-a3dcdc4 elementor-widget elementor-widget-image\" data-id=\"a3dcdc4\" data-element_type=\"widget\" data-widget_type=\"image.default\">\n\t\t\t\t<div class=\"elementor-widget-container\">\n\t\t\t\t\t\t\t\t\t\t\t\t\t\t\t<img decoding=\"async\" width=\"1024\" height=\"546\" src=\"https:\/\/dydcoffee.com.co\/wp-content\/uploads\/2023\/09\/banner-paralax-1A-1024x546.jpg\" class=\"attachment-large size-large wp-image-1507\" alt=\"\" srcset=\"https:\/\/dydcoffee.com.co\/wp-content\/uploads\/2023\/09\/banner-paralax-1A-1024x546.jpg 1024w, https:\/\/dydcoffee.com.co\/wp-content\/uploads\/2023\/09\/banner-paralax-1A-300x160.jpg 300w, https:\/\/dydcoffee.com.co\/wp-content\/uploads\/2023\/09\/banner-paralax-1A-768x410.jpg 768w, https:\/\/dydcoffee.com.co\/wp-content\/uploads\/2023\/09\/banner-paralax-1A-1536x819.jpg 1536w, https:\/\/dydcoffee.com.co\/wp-content\/uploads\/2023\/09\/banner-paralax-1A-700x373.jpg 700w, https:\/\/dydcoffee.com.co\/wp-content\/uploads\/2023\/09\/banner-paralax-1A-600x320.jpg 600w, https:\/\/dydcoffee.com.co\/wp-content\/uploads\/2023\/09\/banner-paralax-1A.jpg 1920w\" sizes=\"(max-width: 1024px) 100vw, 1024px\" \/>\t\t\t\t\t\t\t\t\t\t\t\t\t\t\t<\/div>\n\t\t\t\t<\/div>\n\t\t\t\t<div class=\"elementor-element elementor-element-0b10c8c elementor-widget elementor-widget-text-editor\" data-id=\"0b10c8c\" data-element_type=\"widget\" data-widget_type=\"text-editor.default\">\n\t\t\t\t<div class=\"elementor-widget-container\">\n\t\t\t\t\t\t\t\t\t<p>Enclavado en la cordillera central en tierras f\u00e9rtiles y naturaleza viva se encuentra la vereda San pedo Alto, Municipio de Palermo donde se produce caf\u00e9, una taza de excelente calidad. All\u00ed, a m\u00e1s de dos mil metros de altura, se encuentra la finca Vila Diana, con cerca de 20 hect\u00e1reas de cultivo de caf\u00e9 en los que se garantiza la trazabilidad del producto. Cultivamos variedades ex\u00f3ticas para los clientes m\u00e1s exigentes en el mundo, como la variedad Colombia, Caturra, Castilla, Geisha y Borb\u00f3n Rosado, caracterizados por su sabor tradicional y suave aroma. Nuestra planta torrefactora DYD COFFEE, empresa l\u00edder del sector cafetero que utiliza equipos de \u00faltima tecnolog\u00eda, con energ\u00edas limpiar, procesos certificados y resultados inmediatos. En DYD COFFEE, realizamos el proceso de trilla, selecci\u00f3n, molienda y empacado de caf\u00e9, lo cual genera un producto de calidad. Le apostamos al cuidado ambiental a trav\u00e9s del uso de energ\u00edas renovables para el funcionamiento de nuestra maquinaria tanto en la finca como en la torrefactora.<\/p>\t\t\t\t\t\t\t\t<\/div>\n\t\t\t\t<\/div>\n\t\t\t\t\t<\/div>\n\t\t<\/div>\n\t\t\t\t<div class=\"elementor-column elementor-col-25 elementor-top-column elementor-element elementor-element-c35ec04\" data-id=\"c35ec04\" data-element_type=\"column\">\n\t\t\t<div class=\"elementor-widget-wrap\">\n\t\t\t\t\t\t\t<\/div>\n\t\t<\/div>\n\t\t\t\t<div class=\"elementor-column elementor-col-25 elementor-top-column elementor-element elementor-element-183c38f\" data-id=\"183c38f\" data-element_type=\"column\">\n\t\t\t<div class=\"elementor-widget-wrap elementor-element-populated\">\n\t\t\t\t\t\t<div class=\"elementor-element elementor-element-1f942b3 elementor-widget elementor-widget-image-carousel\" data-id=\"1f942b3\" data-element_type=\"widget\" data-settings=\"{&quot;slides_to_show&quot;:&quot;1&quot;,&quot;navigation&quot;:&quot;none&quot;,&quot;autoplay_speed&quot;:3000,&quot;autoplay&quot;:&quot;yes&quot;,&quot;pause_on_hover&quot;:&quot;yes&quot;,&quot;pause_on_interaction&quot;:&quot;yes&quot;,&quot;infinite&quot;:&quot;yes&quot;,&quot;effect&quot;:&quot;slide&quot;,&quot;speed&quot;:500}\" data-widget_type=\"image-carousel.default\">\n\t\t\t\t<div class=\"elementor-widget-container\">\n\t\t\t\t\t\t\t<div class=\"elementor-image-carousel-wrapper swiper\" role=\"region\" aria-roledescription=\"carousel\" aria-label=\"Carrusel de im\u00e1genes\" dir=\"ltr\">\n\t\t\t<div class=\"elementor-image-carousel swiper-wrapper\" aria-live=\"off\">\n\t\t\t\t\t\t\t\t<div class=\"swiper-slide\" role=\"group\" aria-roledescription=\"slide\" aria-label=\"1 of 6\"><figure class=\"swiper-slide-inner\"><img decoding=\"async\" class=\"swiper-slide-image\" src=\"https:\/\/dydcoffee.com.co\/wp-content\/uploads\/2023\/09\/Mision-01.jpg\" alt=\"Mision-01\" \/><\/figure><\/div><div class=\"swiper-slide\" role=\"group\" aria-roledescription=\"slide\" aria-label=\"2 of 6\"><figure class=\"swiper-slide-inner\"><img decoding=\"async\" class=\"swiper-slide-image\" src=\"https:\/\/dydcoffee.com.co\/wp-content\/uploads\/2023\/09\/Mision-02.jpg\" alt=\"Mision-02\" \/><\/figure><\/div><div class=\"swiper-slide\" role=\"group\" aria-roledescription=\"slide\" aria-label=\"3 of 6\"><figure class=\"swiper-slide-inner\"><img decoding=\"async\" class=\"swiper-slide-image\" src=\"https:\/\/dydcoffee.com.co\/wp-content\/uploads\/2023\/09\/Mision-03.jpg\" alt=\"Mision-03\" \/><\/figure><\/div><div class=\"swiper-slide\" role=\"group\" aria-roledescription=\"slide\" aria-label=\"4 of 6\"><figure class=\"swiper-slide-inner\"><img decoding=\"async\" class=\"swiper-slide-image\" src=\"https:\/\/dydcoffee.com.co\/wp-content\/uploads\/2023\/09\/Objetivos-01.jpg\" alt=\"Objetivos 01\" \/><\/figure><\/div><div class=\"swiper-slide\" role=\"group\" aria-roledescription=\"slide\" aria-label=\"5 of 6\"><figure class=\"swiper-slide-inner\"><img decoding=\"async\" class=\"swiper-slide-image\" src=\"https:\/\/dydcoffee.com.co\/wp-content\/uploads\/2023\/09\/Objetivos-02.jpg\" alt=\"Objetivos 02\" \/><\/figure><\/div><div class=\"swiper-slide\" role=\"group\" aria-roledescription=\"slide\" aria-label=\"6 of 6\"><figure class=\"swiper-slide-inner\"><img decoding=\"async\" class=\"swiper-slide-image\" src=\"https:\/\/dydcoffee.com.co\/wp-content\/uploads\/2023\/09\/Objetivos-03.jpg\" alt=\"Objetivos 03\" \/><\/figure><\/div>\t\t\t<\/div>\n\t\t\t\t\t\t\t\n\t\t\t\t\t\t\t\t\t<\/div>\n\t\t\t\t\t\t<\/div>\n\t\t\t\t<\/div>\n\t\t\t\t\t<\/div>\n\t\t<\/div>\n\t\t\t\t<div class=\"elementor-column elementor-col-25 elementor-top-column elementor-element elementor-element-88a4ead\" data-id=\"88a4ead\" data-element_type=\"column\">\n\t\t\t<div class=\"elementor-widget-wrap elementor-element-populated\">\n\t\t\t\t\t\t<div class=\"elementor-element elementor-element-d2c9db4 elementor-widget elementor-widget-heading\" data-id=\"d2c9db4\" data-element_type=\"widget\" data-widget_type=\"heading.default\">\n\t\t\t\t<div class=\"elementor-widget-container\">\n\t\t\t\t\t<h5 class=\"elementor-heading-title elementor-size-default\">Nuestra<\/h5>\t\t\t\t<\/div>\n\t\t\t\t<\/div>\n\t\t\t\t<div class=\"elementor-element elementor-element-4d90fa2 elementor-widget elementor-widget-heading\" data-id=\"4d90fa2\" data-element_type=\"widget\" data-widget_type=\"heading.default\">\n\t\t\t\t<div class=\"elementor-widget-container\">\n\t\t\t\t\t<h4 class=\"elementor-heading-title elementor-size-default\">Misi\u00f3n<\/h4>\t\t\t\t<\/div>\n\t\t\t\t<\/div>\n\t\t\t\t<div class=\"elementor-element elementor-element-98e5780 elementor-widget elementor-widget-text-editor\" data-id=\"98e5780\" data-element_type=\"widget\" data-widget_type=\"text-editor.default\">\n\t\t\t\t<div class=\"elementor-widget-container\">\n\t\t\t\t\t\t\t\t\t<p>D&amp;D Coffee S.A.S. es una empresa productora y comercializadora de caf\u00e9 que cumple con elevados est\u00e1ndares de calidad, logrando en cada uno de sus productos, una experiencia de adquisici\u00f3n y consumo memorable. Reafirmamos en nuestro v\u00ednculo afectuoso con el cliente, un compromiso de honra, la tradici\u00f3n campesina de los caficultores y la protecci\u00f3n ambiental.<\/p>\t\t\t\t\t\t\t\t<\/div>\n\t\t\t\t<\/div>\n\t\t\t\t\t<\/div>\n\t\t<\/div>\n\t\t\t\t\t<\/div>\n\t\t<\/section>\n\t\t\t\t<section class=\"elementor-section elementor-top-section elementor-element elementor-element-4198f95 elementor-section-boxed elementor-section-height-default elementor-section-height-default parallax_section_no qode_elementor_container_no\" data-id=\"4198f95\" data-element_type=\"section\">\n\t\t\t\t\t\t<div class=\"elementor-container elementor-column-gap-default\">\n\t\t\t\t\t<div class=\"elementor-column elementor-col-50 elementor-top-column elementor-element elementor-element-5c928f8\" data-id=\"5c928f8\" data-element_type=\"column\">\n\t\t\t<div class=\"elementor-widget-wrap elementor-element-populated\">\n\t\t\t\t\t\t<div class=\"elementor-element elementor-element-30d9c9c elementor-widget elementor-widget-heading\" data-id=\"30d9c9c\" data-element_type=\"widget\" data-widget_type=\"heading.default\">\n\t\t\t\t<div class=\"elementor-widget-container\">\n\t\t\t\t\t<h5 class=\"elementor-heading-title elementor-size-default\">Nuestra<\/h5>\t\t\t\t<\/div>\n\t\t\t\t<\/div>\n\t\t\t\t<div class=\"elementor-element elementor-element-0f7cba2 elementor-widget elementor-widget-heading\" data-id=\"0f7cba2\" data-element_type=\"widget\" data-widget_type=\"heading.default\">\n\t\t\t\t<div class=\"elementor-widget-container\">\n\t\t\t\t\t<h4 class=\"elementor-heading-title elementor-size-default\">Visi\u00f3n<\/h4>\t\t\t\t<\/div>\n\t\t\t\t<\/div>\n\t\t\t\t<div class=\"elementor-element elementor-element-b28bed1 elementor-widget elementor-widget-text-editor\" data-id=\"b28bed1\" data-element_type=\"widget\" data-widget_type=\"text-editor.default\">\n\t\t\t\t<div class=\"elementor-widget-container\">\n\t\t\t\t\t\t\t\t\t<p>Nos proponemos posicionar a D&amp;D Coffee S.A.S. en el mercado caficultor como una empresa productora, comercializadora y exportadora del producto de caf\u00e9 en sus diferentes presentaciones, que en cada uno de sus l\u00edneas de mercado conjuga el conocimiento y la creatividad, alcanzando confiabilidad y recordaci\u00f3n en todos los nichos de consumo.<\/p>\t\t\t\t\t\t\t\t<\/div>\n\t\t\t\t<\/div>\n\t\t\t\t\t<\/div>\n\t\t<\/div>\n\t\t\t\t<div class=\"elementor-column elementor-col-50 elementor-top-column elementor-element elementor-element-2ddc2f1\" data-id=\"2ddc2f1\" data-element_type=\"column\">\n\t\t\t<div class=\"elementor-widget-wrap elementor-element-populated\">\n\t\t\t\t\t\t<div class=\"elementor-element elementor-element-0551c1f elementor-widget elementor-widget-image-carousel\" data-id=\"0551c1f\" data-element_type=\"widget\" data-settings=\"{&quot;slides_to_show&quot;:&quot;1&quot;,&quot;navigation&quot;:&quot;none&quot;,&quot;autoplay_speed&quot;:3000,&quot;autoplay&quot;:&quot;yes&quot;,&quot;pause_on_hover&quot;:&quot;yes&quot;,&quot;pause_on_interaction&quot;:&quot;yes&quot;,&quot;infinite&quot;:&quot;yes&quot;,&quot;effect&quot;:&quot;slide&quot;,&quot;speed&quot;:500}\" data-widget_type=\"image-carousel.default\">\n\t\t\t\t<div class=\"elementor-widget-container\">\n\t\t\t\t\t\t\t<div class=\"elementor-image-carousel-wrapper swiper\" role=\"region\" aria-roledescription=\"carousel\" aria-label=\"Carrusel de im\u00e1genes\" dir=\"ltr\">\n\t\t\t<div class=\"elementor-image-carousel swiper-wrapper\" aria-live=\"off\">\n\t\t\t\t\t\t\t\t<div class=\"swiper-slide\" role=\"group\" aria-roledescription=\"slide\" aria-label=\"1 of 11\"><figure class=\"swiper-slide-inner\"><img decoding=\"async\" class=\"swiper-slide-image\" src=\"https:\/\/dydcoffee.com.co\/wp-content\/uploads\/2023\/10\/Mision-01.jpg\" alt=\"Mision-01\" \/><\/figure><\/div><div class=\"swiper-slide\" role=\"group\" aria-roledescription=\"slide\" aria-label=\"2 of 11\"><figure class=\"swiper-slide-inner\"><img decoding=\"async\" class=\"swiper-slide-image\" src=\"https:\/\/dydcoffee.com.co\/wp-content\/uploads\/2023\/10\/Mision-02.jpg\" alt=\"Mision-02\" \/><\/figure><\/div><div class=\"swiper-slide\" role=\"group\" aria-roledescription=\"slide\" aria-label=\"3 of 11\"><figure class=\"swiper-slide-inner\"><img decoding=\"async\" class=\"swiper-slide-image\" src=\"https:\/\/dydcoffee.com.co\/wp-content\/uploads\/2023\/10\/Mision-03.jpg\" alt=\"Mision-03\" \/><\/figure><\/div><div class=\"swiper-slide\" role=\"group\" aria-roledescription=\"slide\" aria-label=\"4 of 11\"><figure class=\"swiper-slide-inner\"><img decoding=\"async\" class=\"swiper-slide-image\" src=\"https:\/\/dydcoffee.com.co\/wp-content\/uploads\/2023\/10\/Objetivos-01.jpg\" alt=\"Objetivos 01\" \/><\/figure><\/div><div class=\"swiper-slide\" role=\"group\" aria-roledescription=\"slide\" aria-label=\"5 of 11\"><figure class=\"swiper-slide-inner\"><img decoding=\"async\" class=\"swiper-slide-image\" src=\"https:\/\/dydcoffee.com.co\/wp-content\/uploads\/2023\/10\/Objetivos-02.jpg\" alt=\"Objetivos 02\" \/><\/figure><\/div><div class=\"swiper-slide\" role=\"group\" aria-roledescription=\"slide\" aria-label=\"6 of 11\"><figure class=\"swiper-slide-inner\"><img decoding=\"async\" class=\"swiper-slide-image\" src=\"https:\/\/dydcoffee.com.co\/wp-content\/uploads\/2023\/10\/Objetivos-03.jpg\" alt=\"Objetivos 03\" \/><\/figure><\/div><div class=\"swiper-slide\" role=\"group\" aria-roledescription=\"slide\" aria-label=\"7 of 11\"><figure class=\"swiper-slide-inner\"><img decoding=\"async\" class=\"swiper-slide-image\" src=\"https:\/\/dydcoffee.com.co\/wp-content\/uploads\/2023\/10\/produccion-01.jpg\" alt=\"produccion 01\" \/><\/figure><\/div><div class=\"swiper-slide\" role=\"group\" aria-roledescription=\"slide\" aria-label=\"8 of 11\"><figure class=\"swiper-slide-inner\"><img decoding=\"async\" class=\"swiper-slide-image\" src=\"https:\/\/dydcoffee.com.co\/wp-content\/uploads\/2023\/10\/produccion-02.jpg\" alt=\"produccion 02\" \/><\/figure><\/div><div class=\"swiper-slide\" role=\"group\" aria-roledescription=\"slide\" aria-label=\"9 of 11\"><figure class=\"swiper-slide-inner\"><img decoding=\"async\" class=\"swiper-slide-image\" src=\"https:\/\/dydcoffee.com.co\/wp-content\/uploads\/2023\/10\/produccion-03.jpg\" alt=\"produccion 03\" \/><\/figure><\/div><div class=\"swiper-slide\" role=\"group\" aria-roledescription=\"slide\" aria-label=\"10 of 11\"><figure class=\"swiper-slide-inner\"><img decoding=\"async\" class=\"swiper-slide-image\" src=\"https:\/\/dydcoffee.com.co\/wp-content\/uploads\/2023\/10\/produccion-04.jpg\" alt=\"produccion 04\" \/><\/figure><\/div><div class=\"swiper-slide\" role=\"group\" aria-roledescription=\"slide\" aria-label=\"11 of 11\"><figure class=\"swiper-slide-inner\"><img decoding=\"async\" class=\"swiper-slide-image\" src=\"https:\/\/dydcoffee.com.co\/wp-content\/uploads\/2023\/10\/produccion-05.jpg\" alt=\"produccion 05\" \/><\/figure><\/div>\t\t\t<\/div>\n\t\t\t\t\t\t\t\n\t\t\t\t\t\t\t\t\t<\/div>\n\t\t\t\t\t\t<\/div>\n\t\t\t\t<\/div>\n\t\t\t\t\t<\/div>\n\t\t<\/div>\n\t\t\t\t\t<\/div>\n\t\t<\/section>\n\t\t\t\t<section class=\"elementor-section elementor-top-section elementor-element elementor-element-63ee785 elementor-hidden-tablet elementor-hidden-mobile elementor-section-boxed elementor-section-height-default elementor-section-height-default parallax_section_no qode_elementor_container_no\" data-id=\"63ee785\" data-element_type=\"section\">\n\t\t\t\t\t\t<div class=\"elementor-container elementor-column-gap-default\">\n\t\t\t\t\t<div class=\"elementor-column elementor-col-100 elementor-top-column elementor-element elementor-element-50c9042\" data-id=\"50c9042\" data-element_type=\"column\">\n\t\t\t<div class=\"elementor-widget-wrap elementor-element-populated\">\n\t\t\t\t\t\t<div class=\"elementor-element elementor-element-33312e0 elementor-widget elementor-widget-heading\" data-id=\"33312e0\" data-element_type=\"widget\" data-widget_type=\"heading.default\">\n\t\t\t\t<div class=\"elementor-widget-container\">\n\t\t\t\t\t<h3 class=\"elementor-heading-title elementor-size-default\">Algunas de nuestras marcas<\/h3>\t\t\t\t<\/div>\n\t\t\t\t<\/div>\n\t\t\t\t<div class=\"elementor-element elementor-element-f5627b2 elementor-widget elementor-widget-image-carousel\" data-id=\"f5627b2\" data-element_type=\"widget\" data-settings=\"{&quot;slides_to_show&quot;:&quot;3&quot;,&quot;slides_to_scroll&quot;:&quot;3&quot;,&quot;navigation&quot;:&quot;none&quot;,&quot;slides_to_show_mobile&quot;:&quot;1&quot;,&quot;autoplay&quot;:&quot;yes&quot;,&quot;pause_on_hover&quot;:&quot;yes&quot;,&quot;pause_on_interaction&quot;:&quot;yes&quot;,&quot;autoplay_speed&quot;:5000,&quot;infinite&quot;:&quot;yes&quot;,&quot;speed&quot;:500}\" data-widget_type=\"image-carousel.default\">\n\t\t\t\t<div class=\"elementor-widget-container\">\n\t\t\t\t\t\t\t<div class=\"elementor-image-carousel-wrapper swiper\" role=\"region\" aria-roledescription=\"carousel\" aria-label=\"Carrusel de im\u00e1genes\" dir=\"ltr\">\n\t\t\t<div class=\"elementor-image-carousel swiper-wrapper\" aria-live=\"off\">\n\t\t\t\t\t\t\t\t<div class=\"swiper-slide\" role=\"group\" aria-roledescription=\"slide\" aria-label=\"1 of 4\"><figure class=\"swiper-slide-inner\"><img decoding=\"async\" class=\"swiper-slide-image\" src=\"https:\/\/dydcoffee.com.co\/wp-content\/uploads\/2023\/09\/logo6.jpg\" alt=\"logo6\" \/><\/figure><\/div><div class=\"swiper-slide\" role=\"group\" aria-roledescription=\"slide\" aria-label=\"2 of 4\"><figure class=\"swiper-slide-inner\"><img decoding=\"async\" class=\"swiper-slide-image\" src=\"https:\/\/dydcoffee.com.co\/wp-content\/uploads\/2023\/09\/logo3.jpg\" alt=\"logo3\" \/><\/figure><\/div><div class=\"swiper-slide\" role=\"group\" aria-roledescription=\"slide\" aria-label=\"3 of 4\"><figure class=\"swiper-slide-inner\"><img decoding=\"async\" class=\"swiper-slide-image\" src=\"https:\/\/dydcoffee.com.co\/wp-content\/uploads\/2023\/09\/logo2.jpg\" alt=\"logo2\" \/><\/figure><\/div><div class=\"swiper-slide\" role=\"group\" aria-roledescription=\"slide\" aria-label=\"4 of 4\"><figure class=\"swiper-slide-inner\"><img decoding=\"async\" class=\"swiper-slide-image\" src=\"https:\/\/dydcoffee.com.co\/wp-content\/uploads\/2023\/09\/logo1.jpg\" alt=\"logo1\" \/><\/figure><\/div>\t\t\t<\/div>\n\t\t\t\t\t\t\t\n\t\t\t\t\t\t\t\t\t<\/div>\n\t\t\t\t\t\t<\/div>\n\t\t\t\t<\/div>\n\t\t\t\t\t<\/div>\n\t\t<\/div>\n\t\t\t\t\t<\/div>\n\t\t<\/section>\n\t\t\t\t<\/div>\n\t\t","protected":false},"excerpt":{"rendered":"<p>Empresa Quienes somos \u00a0Enclavado en la cordillera central en tierras f\u00e9rtiles y naturaleza viva se encuentra la vereda San pedo Alto, Municipio de Palermo donde se produce caf\u00e9, una taza de excelente calidad. All\u00ed, a m\u00e1s de dos mil metros de altura, se encuentra la&#8230;<\/p>\n","protected":false},"author":1,"featured_media":0,"parent":0,"menu_order":0,"comment_status":"closed","ping_status":"closed","template":"full_width.php","meta":{"footnotes":""},"class_list":["post-821","page","type-page","status-publish","hentry"],"_links":{"self":[{"href":"https:\/\/dydcoffee.com.co\/index.php\/wp-json\/wp\/v2\/pages\/821","targetHints":{"allow":["GET"]}}],"collection":[{"href":"https:\/\/dydcoffee.com.co\/index.php\/wp-json\/wp\/v2\/pages"}],"about":[{"href":"https:\/\/dydcoffee.com.co\/index.php\/wp-json\/wp\/v2\/types\/page"}],"author":[{"embeddable":true,"href":"https:\/\/dydcoffee.com.co\/index.php\/wp-json\/wp\/v2\/users\/1"}],"replies":[{"embeddable":true,"href":"https:\/\/dydcoffee.com.co\/index.php\/wp-json\/wp\/v2\/comments?post=821"}],"version-history":[{"count":179,"href":"https:\/\/dydcoffee.com.co\/index.php\/wp-json\/wp\/v2\/pages\/821\/revisions"}],"predecessor-version":[{"id":1676,"href":"https:\/\/dydcoffee.com.co\/index.php\/wp-json\/wp\/v2\/pages\/821\/revisions\/1676"}],"wp:attachment":[{"href":"https:\/\/dydcoffee.com.co\/index.php\/wp-json\/wp\/v2\/media?parent=821"}],"curies":[{"name":"wp","href":"https:\/\/api.w.org\/{rel}","templated":true}]}}